{"id":68,"date":"2026-01-25T16:44:17","date_gmt":"2026-01-25T16:44:17","guid":{"rendered":"http:\/\/fabensfellowship.org\/?page_id=68"},"modified":"2026-02-02T02:28:20","modified_gmt":"2026-02-02T02:28:20","slug":"our-covenant","status":"publish","type":"page","link":"https:\/\/fabensfellowship.org\/es\/about\/our-covenant\/","title":{"rendered":"Nuestro pacto"},"content":{"rendered":"<ul>\n<li>Habiendo, como confiamos, sido llevados por la gracia divina a arrepentirnos y creer en el Se\u00f1or Jesucristo y a entregarnos a \u00c9l, y habiendo sido bautizados seg\u00fan nuestra profesi\u00f3n de fe, en el nombre del Padre, del Hijo y del Esp\u00edritu Santo, ahora, confiando en Su graciosa ayuda, renovamos solemne y gozosamente nuestro pacto mutuo.<\/li>\n<li>Trabajaremos y oraremos por la unidad del Esp\u00edritu en el v\u00ednculo de la paz.<\/li>\n<li>Caminaremos juntos en amor fraternal, al convertirnos en los miembros de una Iglesia Cristiana, ejercemos un cuidado afectuoso y vigilamos unos sobre otros, y nos amonestamos y suplicamos mutuamente fielmente seg\u00fan sea necesario.<\/li>\n<li>No dejaremos de congregarnos, ni descuidaremos el orar por nosotros mismos y por los dem\u00e1s.<\/li>\n<li>Nos esforzaremos por educar a quienes est\u00e9n bajo nuestro cuidado, en la disciplina y amonestaci\u00f3n del Se\u00f1or, y mediante un ejemplo puro y amoroso, buscaremos la salvaci\u00f3n de nuestra familia y amigos.<\/li>\n<li>Nos regocijaremos en la felicidad del otro y nos esforzaremos con ternura y simpat\u00eda por llevar las cargas y tristezas del otro.<\/li>\n<li>Buscar\u00e9, con ayuda divina, vivir con cuidado en el mundo, negando la impiedad y las pasiones mundanas, y recordando que, como hemos sido sepultados voluntariamente por el bautismo y resucitados de la tumba simb\u00f3lica, tenemos una obligaci\u00f3n especial ahora para llevar una vida nueva y santa.<\/li>\n<li>Trabajaremos juntos para la continuaci\u00f3n de un ministerio evang\u00e9lico fiel en esta iglesia, mientras sostenemos su adoraci\u00f3n, ordenanzas, disciplina y doctrinas. Contribuiremos alegre y regularmente para el sustento del ministerio, los gastos de la iglesia, el socorro de los pobres y la difusi\u00f3n del Evangelio por todas las naciones.<\/li>\n<li>Lo haremos, cuando nos mudemos de este lugar, tan pronto como sea posible, nos uniremos a alguna otra iglesia donde podamos llevar a cabo el esp\u00edritu de este pacto y los principios de la Palabra de Dios.<\/li>\n<li>Que la gracia de nuestro Se\u00f1or Jesucristo, el amor de Dios y la comuni\u00f3n del Esp\u00edritu Santo sean con todos. Am\u00e9n.<\/li>\n<\/ul>","protected":false},"excerpt":{"rendered":"<p>Having, as we trust, been brought by divine grace to repent and believe in the Lord Jesus Christ and to give up ourselves to him and having been baptized upon our profession of faith, in the name of the Father, The Son and the Holy Spirit, we do now, relying of His gracious aid, solemnly [&hellip;]<\/p>\n","protected":false},"author":1,"featured_media":0,"parent":2,"menu_order":3,"comment_status":"closed","ping_status":"closed","template":"","meta":{"footnotes":""},"class_list":["post-68","page","type-page","status-publish","hentry"],"_links":{"self":[{"href":"https:\/\/fabensfellowship.org\/es\/wp-json\/wp\/v2\/pages\/68","targetHints":{"allow":["GET"]}}],"collection":[{"href":"https:\/\/fabensfellowship.org\/es\/wp-json\/wp\/v2\/pages"}],"about":[{"href":"https:\/\/fabensfellowship.org\/es\/wp-json\/wp\/v2\/types\/page"}],"author":[{"embeddable":true,"href":"https:\/\/fabensfellowship.org\/es\/wp-json\/wp\/v2\/users\/1"}],"replies":[{"embeddable":true,"href":"https:\/\/fabensfellowship.org\/es\/wp-json\/wp\/v2\/comments?post=68"}],"version-history":[{"count":2,"href":"https:\/\/fabensfellowship.org\/es\/wp-json\/wp\/v2\/pages\/68\/revisions"}],"predecessor-version":[{"id":87,"href":"https:\/\/fabensfellowship.org\/es\/wp-json\/wp\/v2\/pages\/68\/revisions\/87"}],"up":[{"embeddable":true,"href":"https:\/\/fabensfellowship.org\/es\/wp-json\/wp\/v2\/pages\/2"}],"wp:attachment":[{"href":"https:\/\/fabensfellowship.org\/es\/wp-json\/wp\/v2\/media?parent=68"}],"curies":[{"name":"wp","href":"https:\/\/api.w.org\/{rel}","templated":true}]}}