{"id":6,"date":"2023-05-12T01:37:17","date_gmt":"2023-05-12T01:37:17","guid":{"rendered":"https:\/\/fabensfellowship.org\/?page_id=6"},"modified":"2026-04-05T00:18:01","modified_gmt":"2026-04-05T00:18:01","slug":"home","status":"publish","type":"page","link":"https:\/\/fabensfellowship.org\/es\/","title":{"rendered":"Hogar"},"content":{"rendered":"<p>Fabens Christian Fellowship es un grupo de personas que se re\u00fanen para celebrar y compartir el amor de Jesucristo semanalmente.<\/p>\n<p>\u00danase a nosotros el domingo para el servicio matutino o la oraci\u00f3n vespertina en ingl\u00e9s y espa\u00f1ol. Tambi\u00e9n puede vernos los mi\u00e9rcoles por la noche para estudiar la Biblia, donde nos sumergimos, exploramos y hablamos sobre las Escrituras en un grupo peque\u00f1o.<\/p>\n<p>Ven, \u00e9chale un vistazo, \u00a1nos encantar\u00eda tenerte!<\/p>\n<p><strong>Nuestra direcci\u00f3n:<\/strong><br \/>\n201 NE Camp St<br \/>\nFabens, TX 79838<br \/>\n(<a href=\"https:\/\/www.google.com\/maps\/dir\/\/201+NE+Camp+St,+Fabens,+TX+79838\/@31.5032693,-106.1571638,17z\/data=!4m8!4m7!1m0!1m5!1m1!1s0x86e712aba8489683:0xbfa8f63480a36f28!2m2!1d-106.1549751!2d31.5032647\" target=\"_blank\" rel=\"noopener\">Direcciones<\/a>)<\/p>\n<h3>Anuncios<\/h3>\n<ul>\n<li><span class=\"a_GcMg font-feature-liga-off font-feature-clig-off font-feature-calt-off text-decoration-none text-strikethrough-none\">We will have Easter Sunday Service at 6 am at Pastor Raul and Sonia\u2019s pavilion.<\/span><\/li>\n<\/ul>","protected":false},"excerpt":{"rendered":"<p>Fabens Christian Fellowship is a group of people that gather together to celebrate and share the love of Jesus Christ on a weekly basis. Join us on Sunday for morning service or evening prayer in both English and Espa\u00f1ol. You can also catch us on Wednesday nights for Bible study, where we dive-in, explore, and [&hellip;]<\/p>\n","protected":false},"author":1,"featured_media":0,"parent":0,"menu_order":0,"comment_status":"closed","ping_status":"closed","template":"","meta":{"footnotes":""},"class_list":["post-6","page","type-page","status-publish","hentry"],"_links":{"self":[{"href":"https:\/\/fabensfellowship.org\/es\/wp-json\/wp\/v2\/pages\/6","targetHints":{"allow":["GET"]}}],"collection":[{"href":"https:\/\/fabensfellowship.org\/es\/wp-json\/wp\/v2\/pages"}],"about":[{"href":"https:\/\/fabensfellowship.org\/es\/wp-json\/wp\/v2\/types\/page"}],"author":[{"embeddable":true,"href":"https:\/\/fabensfellowship.org\/es\/wp-json\/wp\/v2\/users\/1"}],"replies":[{"embeddable":true,"href":"https:\/\/fabensfellowship.org\/es\/wp-json\/wp\/v2\/comments?post=6"}],"version-history":[{"count":0,"href":"https:\/\/fabensfellowship.org\/es\/wp-json\/wp\/v2\/pages\/6\/revisions"}],"wp:attachment":[{"href":"https:\/\/fabensfellowship.org\/es\/wp-json\/wp\/v2\/media?parent=6"}],"curies":[{"name":"wp","href":"https:\/\/api.w.org\/{rel}","templated":true}]}}