{"id":27,"date":"2023-06-15T21:45:39","date_gmt":"2023-06-15T21:45:39","guid":{"rendered":"https:\/\/fabensfellowship.org\/?page_id=27"},"modified":"2024-04-10T01:16:40","modified_gmt":"2024-04-10T01:16:40","slug":"marriage","status":"publish","type":"page","link":"https:\/\/fabensfellowship.org\/es\/about\/marriage\/","title":{"rendered":"Declaraci\u00f3n de matrimonio"},"content":{"rendered":"<ul>\n<li>Creemos que el matrimonio fue dado por Dios como parte de Su gracia com\u00fan, y que no tiene otro significado que el que \u00c9l ha provisto (G\u00e9nesis 2:18-24). Creemos que el matrimonio est\u00e1 sujeto a la maldici\u00f3n de la Ca\u00edda, pero que los creyentes, viviendo en obediencia a las Escrituras y bajo el control del Esp\u00edritu Santo, pueden comenzar a experimentar un matrimonio pac\u00edfico, productivo y cumplido seg\u00fan lo previsto por Dios (G\u00e9nesis 3:16; 1 Pedro 3: 7).<\/li>\n<li>We believe that the marriages of believers are to illustrate the loving relationship of Christ and His church, with the husband loving his wife as Christ loves the church and the wife responding to her husband&#8217;s loving leadership as the church responds to Christ (Ephesian 5:18\u201333).<\/li>\n<li>Creemos que los matrimonios de los creyentes ilustran la relaci\u00f3n de Cristo con su iglesia, por lo tanto, los creyentes deben elegir casarse con aquellos que comparten su fe y regenerar la vida (2 Corintios 6:14).<\/li>\n<li>Creemos que el t\u00e9rmino \"matrimonio\" tiene un solo significado y ese es el matrimonio sancionado por Dios que une a un hombre y una mujer en una uni\u00f3n \u00fanica y exclusiva, como se describe en las Escrituras (G\u00e9nesis 2: 23-24).<\/li>\n<li>Creemos que el matrimonio es siempre un pacto p\u00fablico, formal y oficialmente reconocido entre un hombre y una mujer. Creemos que sin tal pacto, que puede incluir un \"matrimonio de derecho consuetudinario\", donde sea v\u00e1lido en casos espec\u00edficos bajo la ley pertinente, la cohabitaci\u00f3n conyugal prolongada no establece, y no es equivalente a, el matrimonio (Juan 4:18). Creemos que donde no existe tal pacto, o puede ser discernido entre una pareja que cohabita antes de llegar a la fe en Cristo, las unidades familiares deben preservarse en la medida de lo posible y, si es apropiado, alentarse la solemnizaci\u00f3n. Creemos que cuando se ha establecido un matrimonio v\u00e1lido antes de llegar a la fe en Cristo, la pareja debe permanecer casada (1 Corintios 7:24).<\/li>\n<li>Creemos que Dios odia el divorcio, permiti\u00e9ndolo solo donde ha habido pecado sexual no arrepentido (Malaqu\u00edas 2:14-16; Mateo 5:32, 19:9) o deserci\u00f3n por un incr\u00e9dulo (1 Corintios 7:12-15). Creemos que se permite volver a casarse con un compa\u00f1ero creyente solo cuando el divorcio fue por motivos b\u00edblicos.<\/li>\n<li>Creemos que Dios tiene la intenci\u00f3n de que la intimidad sexual ocurra solo entre un hombre y una mujer que est\u00e1n casados entre s\u00ed. Creemos que Dios ha ordenado que no se realice ninguna actividad sexual \u00edntima fuera de un matrimonio entre un hombre y una mujer (Hebreos 13: 4).<\/li>\n<li>Creemos que cualquier forma de inmoralidad sexual, como el adulterio, la fornicaci\u00f3n, la homosexualidad, la conducta bisexual, la bestialidad, el incesto, la pedofilia, la pornograf\u00eda, cualquier intento de cambiar el sexo o el desacuerdo con el sexo biol\u00f3gico, es pecaminoso y ofensivo para Dios (Lev\u00edtico 18:1-30; Mateo 5:28; Romanos 1:26\u201329; 1 Corintios 5:1, 6:9; 1 Tesalonicenses 4:1\u20138).<\/li>\n<li>Creemos que la homosexualidad es una cuesti\u00f3n de elecci\u00f3n y no un estatus heredado y personifica la ingrata rebeli\u00f3n del hombre contra Dios (Romanos 1:18-28).<\/li>\n<li>Creemos que a cada persona se le debe otorgar compasi\u00f3n, amor, amabilidad, respeto y dignidad. El comportamiento o las actitudes de odio y acoso dirigidas hacia cualquier individuo deben ser repudiadas y no est\u00e1n de acuerdo con las Escrituras o las doctrinas de la iglesia. Creemos que la proclamaci\u00f3n fiel de las Escrituras, incluyendo el llamado al arrepentimiento, no constituye discurso de odio, o comportamiento odioso y acosador, sino que es una parte fundamental de la misi\u00f3n amorosa de la iglesia al mundo (Mateo 28:16-20; 2 Corintios 5:11-20; 1 Timoteo 1:5; 2 Timoteo 4:1-2).<\/li>\n<li>Creemos que Dios ofrece redenci\u00f3n y perd\u00f3n a todos los que confiesan y abandonan su pecado, incluyendo el pecado sexual, buscando Su misericordia y perd\u00f3n a trav\u00e9s de Jesucristo. Ense\u00f1amos que Su perd\u00f3n es total y completo (Salmo 103:11\u201312, 130:3\u20134; Isa\u00edas 43:25, 44:22; Juan 5:24; Colosenses 2:13-14) y que Dios imputa la justicia completa de Cristo (2 Corintios 5:21) al pecador creyente. Ense\u00f1amos que el pecador perdonado ha sido limpiado de la culpa del pecado, apartado para Dios, o santificado, y justificado delante de \u00c9l (1 Corintios 6:9-11). Ense\u00f1amos que cualquier hombre o mujer que ha recibido ese perd\u00f3n est\u00e1 \"en Cristo\" y es una \"nueva creaci\u00f3n\" (2 Corintios 5:17).<\/li>\n<li>Creemos que la vida humana es un regalo sagrado de Dios y debe ser respetada desde el momento de la concepci\u00f3n (fertilizaci\u00f3n) hasta la muerte natural. Creemos que la terminaci\u00f3n intencional y voluntaria de un embarazo (\"aborto\") en cualquier momento despu\u00e9s de la concepci\u00f3n constituye la toma de la vida humana por nacer. En consecuencia, los abortos, incluso por razones de defectos de nacimiento, selecci\u00f3n de g\u00e9nero, control de la natalidad, control de la poblaci\u00f3n, o incluso en los tr\u00e1gicos casos de violaci\u00f3n o incesto, y actos de alentar, facilitar o pagar abortos, son inconsistentes con las Escrituras y la gloria de Dios (Salmo 139: 13-16).<\/li>\n<li>Nos oponemos a la intervenci\u00f3n activa con la intenci\u00f3n de producir la muerte (\"eutanasia\"), ya sea para el alivio del sufrimiento, consideraciones econ\u00f3micas o conveniencia de la persona, la familia o la sociedad. No nos oponemos a la retirada o al fracaso de la instituci\u00f3n de medios artificiales de soporte vital en pacientes que se est\u00e1n deteriorando clara e irreversiblemente, en quienes la muerte parece inminente m\u00e1s all\u00e1 de la esperanza razonable de recuperaci\u00f3n.<\/li>\n<\/ul>","protected":false},"excerpt":{"rendered":"<p>We believe that marriage was given by God as part of His common grace, and that it has no meaning other than as He has provided (Genesis 2:18\u201324). We believe that marriage is subject to the curse of the Fall but that believers, living in obedience to the Scripture and under the control of the [&hellip;]<\/p>\n","protected":false},"author":1,"featured_media":0,"parent":37,"menu_order":6,"comment_status":"closed","ping_status":"closed","template":"","meta":{"footnotes":""},"class_list":["post-27","page","type-page","status-publish","hentry"],"_links":{"self":[{"href":"https:\/\/fabensfellowship.org\/es\/wp-json\/wp\/v2\/pages\/27","targetHints":{"allow":["GET"]}}],"collection":[{"href":"https:\/\/fabensfellowship.org\/es\/wp-json\/wp\/v2\/pages"}],"about":[{"href":"https:\/\/fabensfellowship.org\/es\/wp-json\/wp\/v2\/types\/page"}],"author":[{"embeddable":true,"href":"https:\/\/fabensfellowship.org\/es\/wp-json\/wp\/v2\/users\/1"}],"replies":[{"embeddable":true,"href":"https:\/\/fabensfellowship.org\/es\/wp-json\/wp\/v2\/comments?post=27"}],"version-history":[{"count":0,"href":"https:\/\/fabensfellowship.org\/es\/wp-json\/wp\/v2\/pages\/27\/revisions"}],"up":[{"embeddable":true,"href":"https:\/\/fabensfellowship.org\/es\/wp-json\/wp\/v2\/pages\/37"}],"wp:attachment":[{"href":"https:\/\/fabensfellowship.org\/es\/wp-json\/wp\/v2\/media?parent=27"}],"curies":[{"name":"wp","href":"https:\/\/api.w.org\/{rel}","templated":true}]}}