{"id":25,"date":"2023-06-15T21:45:16","date_gmt":"2023-06-15T21:45:16","guid":{"rendered":"https:\/\/fabensfellowship.org\/?page_id=25"},"modified":"2024-04-10T00:36:07","modified_gmt":"2024-04-10T00:36:07","slug":"faith","status":"publish","type":"page","link":"https:\/\/fabensfellowship.org\/es\/about\/faith\/","title":{"rendered":"Declaraci\u00f3n de Fe"},"content":{"rendered":"<h6>De la Escritura<\/h6>\n<p>Creemos que la Santa Biblia fue escrita por hombres divinamente inspirados, y es un tesoro perfecto de instrucci\u00f3n celestial; que tiene a Dios por su autor, la salvaci\u00f3n por su fin, y la verdad sin ninguna mezcla de error por su materia; que revela los principios por los cuales Dios nos juzgar\u00e1; y por lo tanto es, y seguir\u00e1 siendo hasta el fin del mundo, el verdadero centro de la uni\u00f3n cristiana, y el est\u00e1ndar supremo por el cual toda conducta humana, credos y opiniones deben ser probados.<\/p>\n<h6>Del Dios Verdadero<\/h6>\n<p>Creemos que hay uno, y s\u00f3lo uno, Dios vivo y verdadero, un Esp\u00edritu infinito e inteligente, cuyo nombre es Jehov\u00e1, el Hacedor y Gobernante Supremo del cielo y la tierra; inexpresablemente glorioso en santidad, y digno de todo honor, confianza y amor posibles; que en la unidad de la Trinidad hay tres personas, el Padre, el Hijo y el Esp\u00edritu Santo; iguales en toda perfecci\u00f3n divina, y ejecutando oficios distintos pero armoniosos en la gran obra de la redenci\u00f3n.<\/p>\n<h6>De la ca\u00edda del hombre<\/h6>\n<p>Creemos que el hombre fue creado en santidad, bajo la ley de su Hacedor; pero por transgresi\u00f3n voluntaria cay\u00f3 de ese estado santo y feliz; en consecuencia de lo cual toda la humanidad es ahora pecadora, no por coacci\u00f3n sino por elecci\u00f3n; estando por naturaleza completamente vac\u00edo de esa santidad requerida por la ley de Dios, positivamente inclinado al mal; y por lo tanto bajo justa condenaci\u00f3n a la ruina eterna, sin defensa ni excusa.<\/p>\n<h6>Del Camino De La Salvaci\u00f3n<\/h6>\n<p>Creemos que la salvaci\u00f3n de los pecadores es totalmente de gracia; a trav\u00e9s del oficio mediador del Hijo de Dios; que por nombramiento del Padre, tom\u00f3 libremente sobre s\u00ed nuestra naturaleza, pero sin pecado; honr\u00f3 la ley divina por Su obediencia personal, y por Su muerte hizo una expiaci\u00f3n completa por nuestros pecados; que habiendo resucitado de entre los muertos ahora est\u00e1 entronizado en el cielo; y uniendo en Su maravillosa persona las m\u00e1s tiernas simpat\u00edas con las perfecciones divinas, \u00c9l est\u00e1 calificado para ser un Salvador adecuado, compasivo y todo suficiente.<\/p>\n<h6>De justificaci\u00f3n<\/h6>\n<p>Creemos que la gran bendici\u00f3n del Evangelio que Cristo asegura a los que creen en \u00c9l es la Justificaci\u00f3n; que la justificaci\u00f3n incluye el perd\u00f3n de los pecados y la promesa de la vida eterna sobre principios de justicia; que se otorga, no en consideraci\u00f3n de ninguna obra de justicia que hayamos hecho, sino \u00fanicamente por medio de la fe en la sangre del Redentor; en virtud de la cual su justicia perfecta nos es libremente imputada por Dios; que nos lleva a un estado de bendita paz y favor con Dios, y asegura cualquier otra bendici\u00f3n necesaria para el tiempo y la eternidad.<\/p>\n<h6>De la Libertad de la Salvaci\u00f3n<\/h6>\n<p>Creemos que las bendiciones de la salvaci\u00f3n son hechas gratuitas para todos por el evangelio; que es el deber inmediato de todos aceptarlos con una fe cordial, penitente y obediente; y que nada impide la salvaci\u00f3n del pecador m\u00e1s grande de la tierra, sino su propia depravaci\u00f3n inherente y su rechazo voluntario del evangelio; cuyo rechazo lo involucra en una condena agravada.<\/p>\n<h6>Of Grace in Regeneration<\/h6>\n<p>Creemos que, para ser salvos, los pecadores deben ser regenerados o nacer de nuevo; que la regeneraci\u00f3n consiste en dar una disposici\u00f3n santa a la mente; que se efect\u00faa de una manera que est\u00e1 por encima de nuestra comprensi\u00f3n por el poder del Esp\u00edritu Santo, en relaci\u00f3n con la verdad divina, a fin de asegurar nuestra obediencia voluntaria al evangelio; y que su debida evidencia aparece en los santos frutos del arrepentimiento, la fe y la novedad de vida.<\/p>\n<h6>De arrepentimiento y fe<\/h6>\n<p>Creemos que el arrepentimiento y la fe son deberes sagrados, y tambi\u00e9n gracias inseparables, forjadas en nuestras almas por el Esp\u00edritu regenerador de Dios; por lo cual, estando profundamente convencidos de nuestra culpa, peligro e impotencia, y del camino de salvaci\u00f3n por Cristo, nos volvemos a Dios con contrici\u00f3n fingida, confesi\u00f3n y s\u00faplica por misericordia; al mismo tiempo recibir de todo coraz\u00f3n al Se\u00f1or Jesucristo como nuestro Profeta, Sacerdote y Rey, y confiar s\u00f3lo en \u00c9l como el \u00fanico y suficiente Salvador.<\/p>\n<h6>Of God\u2019s Purpose Of Grace<\/h6>\n<p>Creemos que la elecci\u00f3n es el prop\u00f3sito eterno de Dios, seg\u00fan el cual \u00c9l regenera, santifica y salva a los pecadores; que siendo perfectamente coherente con el libre albedr\u00edo del hombre, comprende todos los medios en relaci\u00f3n con el fin; que es una muestra muy gloriosa de la bondad soberana de Dios, siendo infinitamente libre, sabio, santo e inmutable; que excluye totalmente la jactancia y promueve la humildad, el amor, la oraci\u00f3n, la alabanza, la confianza en Dios y la imitaci\u00f3n activa de su misericordia gratuita; que fomente el uso de medios en el m\u00e1s alto grado; para que pueda ser comprobado por sus efectos en todos los que verdaderamente creen en el Evangelio; que es el fundamento de la seguridad cristiana; y que determinarlo con respecto a nosotros mismos exige y merece la m\u00e1xima diligencia.<\/p>\n<h6>De la Santificaci\u00f3n<\/h6>\n<p>Creemos que la Santificaci\u00f3n es el proceso por el cual, seg\u00fan la voluntad de Dios, somos hechos part\u00edcipes de Su santidad; que es una obra progresiva; que se inicia en la regeneraci\u00f3n; y que se lleva a cabo en los corazones de los creyentes por la presencia y el poder del Esp\u00edritu Santo, el Sellador y Consolador, en el uso continuo de los medios se\u00f1alados, especialmente, la palabra de Dios, el autoexamen, la abnegaci\u00f3n, la vigilancia y la oraci\u00f3n.<\/p>\n<h6>De la perseverancia de los santos<\/h6>\n<p>Creemos que s\u00f3lo tales son verdaderos creyentes que perseveran hasta el fin; que su perseverante apego a Cristo es la gran marca que los distingue de los profesores superficiales; que una Providencia especial vela por su bienestar; y son guardados por el poder de Dios por medio de la fe para salvaci\u00f3n.<\/p>\n<h6>De la armon\u00eda de la ley y el evangelio<\/h6>\n<p>Creemos que la Ley de Dios es el gobierno eterno e inmutable de Su gobierno moral; que es santo, justo y bueno; y que la incapacidad que las Escrituras atribuyen a los hombres ca\u00eddos para cumplir sus preceptos, surge enteramente de su amor al pecado: liberarlos de los cuales, y restaurarlos a trav\u00e9s de un Mediador a la obediencia fingida a la santa Ley, es un gran fin del Evangelio y de los Medios de Gracia relacionados con el establecimiento de la iglesia visible.<\/p>\n<h6>De una Iglesia del Evangelio<\/h6>\n<p>Creemos que una iglesia visible de Cristo es una congregaci\u00f3n de creyentes bautizados, asociados por pacto en la fe y la comuni\u00f3n del Evangelio; observar las ordenanzas de Cristo; gobernado por Sus leyes; y ejerciendo los dones, derechos y privilegios investidos en ellos por Su palabra; que sus \u00fanicos oficiales b\u00edblicos son obispos o pastores, y di\u00e1conos, cuyas calificaciones, reclamos y deberes se definen en las Ep\u00edstolas a Timoteo y Tito.<\/p>\n<h6>Del Bautismo y la Cena del Se\u00f1or<\/h6>\n<p>Creemos que el bautismo cristiano es la inmersi\u00f3n en agua de un creyente, en el nombre del Padre, y del Hijo, y del Esp\u00edritu Santo; para mostrar en un emblema solemne y hermoso, nuestra fe en el Salvador crucificado, sepultado y resucitado, con su efecto, en nuestra muerte al pecado y resurrecci\u00f3n a una nueva vida. Tambi\u00e9n creemos que la Cena del Se\u00f1or es el acto en el que los miembros de la iglesia por el uso sagrado del pan y el vino, deben conmemorar juntos el amor moribundo de Cristo; precedido siempre por un solemne autoexamen.<\/p>\n<h6>Del s\u00e1bado cristiano<\/h6>\n<p>Creemos que el primer d\u00eda de la semana es el D\u00eda del Se\u00f1or, o s\u00e1bado cristiano; y debe mantenerse sagrado para fines religiosos por la observancia devota de todos los medios de gracia, tanto privados como p\u00fablicos; y por la preparaci\u00f3n para ese descanso que queda para el pueblo de Dios.<\/p>\n<h6>Del Gobierno Civil<\/h6>\n<p>Creemos que el Gobierno Civil es de nombramiento Divino, para los intereses y el buen orden de la sociedad humana; y que los magistrados deben ser orados, honrados concienzudamente y obedecidos; excepto s\u00f3lo en las cosas opuestas a la voluntad de nuestro Se\u00f1or Jesucristo, que es el \u00fanico Se\u00f1or de la conciencia, y el Pr\u00edncipe de los reyes de la tierra.<\/p>\n<h6>De los justos y los malvados<\/h6>\n<p>Creemos que hay una diferencia radical y esencial entre los justos y los malvados; que s\u00f3lo los que por medio de la fe son justificados en el nombre del Se\u00f1or Jes\u00fas, y santificados por el Esp\u00edritu de nuestro Dios, son verdaderamente justos en Su estima; mientras que todos los que contin\u00faan en impenitencia e incredulidad son a sus ojos inicuos y est\u00e1n bajo la maldici\u00f3n; Y esta distinci\u00f3n se mantiene entre los hombres tanto en la muerte como despu\u00e9s de ella.<\/p>\n<h6>Del Mundo Venidero<\/h6>\n<p>We believe that the end of the world is approaching; that at the last day Christ will descend from heaven, and raise the dead from the grave to final retribution; that a solemn separation will then take place; that the wicked will be adjudged to endless punishment, and the righteous to endless joy; and that this judgment will fix forever the final state of men in heaven or hell, on principles of righteousness.<\/p>","protected":false},"excerpt":{"rendered":"<p>Of The Scripture We believe that the Holy Bible was written by men divinely inspired, and is a perfect treasure of heavenly instruction; that it has God for its author, salvation for its end, and truth without any mixture of error for its matter; that it reveals the principles by which God will judge us; [&hellip;]<\/p>\n","protected":false},"author":1,"featured_media":0,"parent":37,"menu_order":5,"comment_status":"closed","ping_status":"closed","template":"","meta":{"footnotes":""},"class_list":["post-25","page","type-page","status-publish","hentry"],"_links":{"self":[{"href":"https:\/\/fabensfellowship.org\/es\/wp-json\/wp\/v2\/pages\/25","targetHints":{"allow":["GET"]}}],"collection":[{"href":"https:\/\/fabensfellowship.org\/es\/wp-json\/wp\/v2\/pages"}],"about":[{"href":"https:\/\/fabensfellowship.org\/es\/wp-json\/wp\/v2\/types\/page"}],"author":[{"embeddable":true,"href":"https:\/\/fabensfellowship.org\/es\/wp-json\/wp\/v2\/users\/1"}],"replies":[{"embeddable":true,"href":"https:\/\/fabensfellowship.org\/es\/wp-json\/wp\/v2\/comments?post=25"}],"version-history":[{"count":0,"href":"https:\/\/fabensfellowship.org\/es\/wp-json\/wp\/v2\/pages\/25\/revisions"}],"up":[{"embeddable":true,"href":"https:\/\/fabensfellowship.org\/es\/wp-json\/wp\/v2\/pages\/37"}],"wp:attachment":[{"href":"https:\/\/fabensfellowship.org\/es\/wp-json\/wp\/v2\/media?parent=25"}],"curies":[{"name":"wp","href":"https:\/\/api.w.org\/{rel}","templated":true}]}}